{"id":2617,"date":"2021-10-15T03:54:38","date_gmt":"2021-10-15T03:54:38","guid":{"rendered":"https:\/\/www.rhlab.lu\/time-sharing-hr\/social-audit\/"},"modified":"2022-01-13T15:09:07","modified_gmt":"2022-01-13T14:09:07","slug":"social-audit","status":"publish","type":"page","link":"https:\/\/www.rhlab.lu\/de\/time-sharing-hr\/social-audit\/","title":{"rendered":"Audit Social"},"content":{"rendered":"<p style=\"text-align: justify;\">Sie sind in Ihrem Unternehmen f\u00fcr die Personalverwaltung zust\u00e4ndig und verwalten diese seit langem allein? Steht Ihr Unternehmen vor einem erheblichen Wachstum oder musste es dieses bew\u00e4ltigen?<\/p>\n<p style=\"text-align: justify;\">Sind Sie sich bewusst, dass Ihre internen oder von Ihrer Wirtschaftspr\u00fcfungsgesellschaft zur Verf\u00fcgung gestellten Personalkompetenzen nicht mehr ausreichen? Sie sind oft gezwungen, einen Anwalt einzuschalten, obwohl Sie durch die interne Beherrschung des Arbeitsrechts und die Bereitstellung geeigneter Instrumente gute Vermittlungen zu geringeren Kosten durchf\u00fchren k\u00f6nnten? Oder haben Sie gerade die lokale Leitung einer neuen Agentur oder einer luxemburgischen Niederlassung \u00fcbernommen und m\u00fcssen sich um die Einhaltung der Vorschriften f\u00fcr die Gruppenunterst\u00fctzung k\u00fcmmern?<\/p>\n<p style=\"text-align: justify;\">RH Lab bietet Ihnen die L\u00f6sung, um Ihnen zu helfen und Sie auf dem Weg zu einem optimalen Management Ihrer Personalressourcen durch Sozialaudits zu unterst\u00fctzen.<\/p>\n","protected":false},"excerpt":{"rendered":"<p>Sie sind in Ihrem Unternehmen f\u00fcr die Personalverwaltung zust\u00e4ndig und verwalten diese seit langem allein? Steht Ihr Unternehmen vor einem erheblichen Wachstum oder musste es dieses bew\u00e4ltigen? Sind Sie sich bewusst, dass Ihre internen oder von Ihrer Wirtschaftspr\u00fcfungsgesellschaft zur Verf\u00fcgung gestellten Personalkompetenzen nicht mehr ausreichen? Sie sind oft gezwungen, einen Anwalt einzuschalten, obwohl Sie durch [&hellip;]<\/p>\n","protected":false},"author":1,"featured_media":0,"parent":2596,"menu_order":0,"comment_status":"closed","ping_status":"closed","template":"page-templates\/template-social-audit.php","meta":{"_acf_changed":false,"inline_featured_image":false,"footnotes":""},"class_list":["post-2617","page","type-page","status-publish","hentry"],"acf":[],"yoast_head":"<!-- This site is optimized with the Yoast SEO plugin v25.5 - https:\/\/yoast.com\/wordpress\/plugins\/seo\/ -->\n<title>Sozialaudit f\u00fcr Unternehmen | Human Resources | HR Lab | Luxemburg<\/title>\n<meta name=\"description\" content=\"Das Sozialaudit erm\u00f6glicht eine bessere Analyse der Personalpraktiken des Unternehmens, um Kosten und Risiken zu begrenzen.\" \/>\n<meta name=\"robots\" content=\"index, follow, max-snippet:-1, max-image-preview:large, max-video-preview:-1\" \/>\n<link rel=\"canonical\" href=\"https:\/\/www.rhlab.lu\/de\/time-sharing-hr\/social-audit\/\" \/>\n<meta property=\"og:locale\" content=\"de_DE\" \/>\n<meta property=\"og:type\" content=\"article\" \/>\n<meta property=\"og:title\" content=\"Sozialaudit f\u00fcr Unternehmen | Human Resources | HR Lab | Luxemburg\" \/>\n<meta property=\"og:description\" content=\"Das Sozialaudit erm\u00f6glicht eine bessere Analyse der Personalpraktiken des Unternehmens, um Kosten und Risiken zu begrenzen.\" \/>\n<meta property=\"og:url\" content=\"https:\/\/www.rhlab.lu\/de\/time-sharing-hr\/social-audit\/\" \/>\n<meta property=\"og:site_name\" content=\"RH LAB\" \/>\n<meta property=\"article:publisher\" content=\"https:\/\/www.facebook.com\/RHLab.Rodange\/\" \/>\n<meta property=\"article:modified_time\" content=\"2022-01-13T14:09:07+00:00\" \/>\n<meta name=\"twitter:card\" content=\"summary_large_image\" \/>\n<meta name=\"twitter:label1\" content=\"Gesch\u00e4tzte Lesezeit\" \/>\n\t<meta name=\"twitter:data1\" content=\"1\u00a0Minute\" \/>\n<script type=\"application\/ld+json\" class=\"yoast-schema-graph\">{\"@context\":\"https:\/\/schema.org\",\"@graph\":[{\"@type\":\"WebPage\",\"@id\":\"https:\/\/www.rhlab.lu\/de\/time-sharing-hr\/social-audit\/\",\"url\":\"https:\/\/www.rhlab.lu\/de\/time-sharing-hr\/social-audit\/\",\"name\":\"Sozialaudit f\u00fcr Unternehmen | Human Resources | HR Lab | Luxemburg\",\"isPartOf\":{\"@id\":\"https:\/\/www.rhlab.lu\/de\/#website\"},\"datePublished\":\"2021-10-15T03:54:38+00:00\",\"dateModified\":\"2022-01-13T14:09:07+00:00\",\"description\":\"Das Sozialaudit erm\u00f6glicht eine bessere Analyse der Personalpraktiken des Unternehmens, um Kosten und Risiken zu begrenzen.\",\"breadcrumb\":{\"@id\":\"https:\/\/www.rhlab.lu\/de\/time-sharing-hr\/social-audit\/#breadcrumb\"},\"inLanguage\":\"de\",\"potentialAction\":[{\"@type\":\"ReadAction\",\"target\":[\"https:\/\/www.rhlab.lu\/de\/time-sharing-hr\/social-audit\/\"]}]},{\"@type\":\"BreadcrumbList\",\"@id\":\"https:\/\/www.rhlab.lu\/de\/time-sharing-hr\/social-audit\/#breadcrumb\",\"itemListElement\":[{\"@type\":\"ListItem\",\"position\":1,\"name\":\"Home\",\"item\":\"https:\/\/www.rhlab.lu\/de\/\"},{\"@type\":\"ListItem\",\"position\":2,\"name\":\"TIME-SHARING HR\",\"item\":\"https:\/\/www.rhlab.lu\/de\/time-sharing-hr\/\"},{\"@type\":\"ListItem\",\"position\":3,\"name\":\"Audit Social\"}]},{\"@type\":\"WebSite\",\"@id\":\"https:\/\/www.rhlab.lu\/de\/#website\",\"url\":\"https:\/\/www.rhlab.lu\/de\/\",\"name\":\"RH LAB\",\"description\":\"My WordPress Blog\",\"publisher\":{\"@id\":\"https:\/\/www.rhlab.lu\/de\/#organization\"},\"potentialAction\":[{\"@type\":\"SearchAction\",\"target\":{\"@type\":\"EntryPoint\",\"urlTemplate\":\"https:\/\/www.rhlab.lu\/de\/?s={search_term_string}\"},\"query-input\":{\"@type\":\"PropertyValueSpecification\",\"valueRequired\":true,\"valueName\":\"search_term_string\"}}],\"inLanguage\":\"de\"},{\"@type\":\"Organization\",\"@id\":\"https:\/\/www.rhlab.lu\/de\/#organization\",\"name\":\"RH LAB\",\"url\":\"https:\/\/www.rhlab.lu\/de\/\",\"logo\":{\"@type\":\"ImageObject\",\"inLanguage\":\"de\",\"@id\":\"https:\/\/www.rhlab.lu\/de\/#\/schema\/logo\/image\/\",\"url\":\"https:\/\/www.rhlab.lu\/wp-content\/uploads\/2021\/11\/rhlab-logo-03.svg\",\"contentUrl\":\"https:\/\/www.rhlab.lu\/wp-content\/uploads\/2021\/11\/rhlab-logo-03.svg\",\"width\":160,\"height\":61,\"caption\":\"RH LAB\"},\"image\":{\"@id\":\"https:\/\/www.rhlab.lu\/de\/#\/schema\/logo\/image\/\"},\"sameAs\":[\"https:\/\/www.facebook.com\/RHLab.Rodange\/\",\"https:\/\/www.linkedin.com\/company\/rh-lab\/\",\"https:\/\/www.youtube.com\/channel\/UC7Q1W9SZgi-Wv0P80KLZWvQ\"]}]}<\/script>\n<!-- \/ Yoast SEO plugin. -->","yoast_head_json":{"title":"Sozialaudit f\u00fcr Unternehmen | Human Resources | HR Lab | Luxemburg","description":"Das Sozialaudit erm\u00f6glicht eine bessere Analyse der Personalpraktiken des Unternehmens, um Kosten und Risiken zu begrenzen.","robots":{"index":"index","follow":"follow","max-snippet":"max-snippet:-1","max-image-preview":"max-image-preview:large","max-video-preview":"max-video-preview:-1"},"canonical":"https:\/\/www.rhlab.lu\/de\/time-sharing-hr\/social-audit\/","og_locale":"de_DE","og_type":"article","og_title":"Sozialaudit f\u00fcr Unternehmen | Human Resources | HR Lab | Luxemburg","og_description":"Das Sozialaudit erm\u00f6glicht eine bessere Analyse der Personalpraktiken des Unternehmens, um Kosten und Risiken zu begrenzen.","og_url":"https:\/\/www.rhlab.lu\/de\/time-sharing-hr\/social-audit\/","og_site_name":"RH LAB","article_publisher":"https:\/\/www.facebook.com\/RHLab.Rodange\/","article_modified_time":"2022-01-13T14:09:07+00:00","twitter_card":"summary_large_image","twitter_misc":{"Gesch\u00e4tzte Lesezeit":"1\u00a0Minute"},"schema":{"@context":"https:\/\/schema.org","@graph":[{"@type":"WebPage","@id":"https:\/\/www.rhlab.lu\/de\/time-sharing-hr\/social-audit\/","url":"https:\/\/www.rhlab.lu\/de\/time-sharing-hr\/social-audit\/","name":"Sozialaudit f\u00fcr Unternehmen | Human Resources | HR Lab | Luxemburg","isPartOf":{"@id":"https:\/\/www.rhlab.lu\/de\/#website"},"datePublished":"2021-10-15T03:54:38+00:00","dateModified":"2022-01-13T14:09:07+00:00","description":"Das Sozialaudit erm\u00f6glicht eine bessere Analyse der Personalpraktiken des Unternehmens, um Kosten und Risiken zu begrenzen.","breadcrumb":{"@id":"https:\/\/www.rhlab.lu\/de\/time-sharing-hr\/social-audit\/#breadcrumb"},"inLanguage":"de","potentialAction":[{"@type":"ReadAction","target":["https:\/\/www.rhlab.lu\/de\/time-sharing-hr\/social-audit\/"]}]},{"@type":"BreadcrumbList","@id":"https:\/\/www.rhlab.lu\/de\/time-sharing-hr\/social-audit\/#breadcrumb","itemListElement":[{"@type":"ListItem","position":1,"name":"Home","item":"https:\/\/www.rhlab.lu\/de\/"},{"@type":"ListItem","position":2,"name":"TIME-SHARING HR","item":"https:\/\/www.rhlab.lu\/de\/time-sharing-hr\/"},{"@type":"ListItem","position":3,"name":"Audit Social"}]},{"@type":"WebSite","@id":"https:\/\/www.rhlab.lu\/de\/#website","url":"https:\/\/www.rhlab.lu\/de\/","name":"RH LAB","description":"My WordPress Blog","publisher":{"@id":"https:\/\/www.rhlab.lu\/de\/#organization"},"potentialAction":[{"@type":"SearchAction","target":{"@type":"EntryPoint","urlTemplate":"https:\/\/www.rhlab.lu\/de\/?s={search_term_string}"},"query-input":{"@type":"PropertyValueSpecification","valueRequired":true,"valueName":"search_term_string"}}],"inLanguage":"de"},{"@type":"Organization","@id":"https:\/\/www.rhlab.lu\/de\/#organization","name":"RH LAB","url":"https:\/\/www.rhlab.lu\/de\/","logo":{"@type":"ImageObject","inLanguage":"de","@id":"https:\/\/www.rhlab.lu\/de\/#\/schema\/logo\/image\/","url":"https:\/\/www.rhlab.lu\/wp-content\/uploads\/2021\/11\/rhlab-logo-03.svg","contentUrl":"https:\/\/www.rhlab.lu\/wp-content\/uploads\/2021\/11\/rhlab-logo-03.svg","width":160,"height":61,"caption":"RH LAB"},"image":{"@id":"https:\/\/www.rhlab.lu\/de\/#\/schema\/logo\/image\/"},"sameAs":["https:\/\/www.facebook.com\/RHLab.Rodange\/","https:\/\/www.linkedin.com\/company\/rh-lab\/","https:\/\/www.youtube.com\/channel\/UC7Q1W9SZgi-Wv0P80KLZWvQ"]}]}},"_links":{"self":[{"href":"https:\/\/www.rhlab.lu\/de\/wp-json\/wp\/v2\/pages\/2617","targetHints":{"allow":["GET"]}}],"collection":[{"href":"https:\/\/www.rhlab.lu\/de\/wp-json\/wp\/v2\/pages"}],"about":[{"href":"https:\/\/www.rhlab.lu\/de\/wp-json\/wp\/v2\/types\/page"}],"author":[{"embeddable":true,"href":"https:\/\/www.rhlab.lu\/de\/wp-json\/wp\/v2\/users\/1"}],"replies":[{"embeddable":true,"href":"https:\/\/www.rhlab.lu\/de\/wp-json\/wp\/v2\/comments?post=2617"}],"version-history":[{"count":2,"href":"https:\/\/www.rhlab.lu\/de\/wp-json\/wp\/v2\/pages\/2617\/revisions"}],"predecessor-version":[{"id":3018,"href":"https:\/\/www.rhlab.lu\/de\/wp-json\/wp\/v2\/pages\/2617\/revisions\/3018"}],"up":[{"embeddable":true,"href":"https:\/\/www.rhlab.lu\/de\/wp-json\/wp\/v2\/pages\/2596"}],"wp:attachment":[{"href":"https:\/\/www.rhlab.lu\/de\/wp-json\/wp\/v2\/media?parent=2617"}],"curies":[{"name":"wp","href":"https:\/\/api.w.org\/{rel}","templated":true}]}}