{"id":2625,"date":"2021-10-16T01:40:39","date_gmt":"2021-10-16T01:40:39","guid":{"rendered":"https:\/\/www.rhlab.lu\/time-sharing-hr\/payroll\/"},"modified":"2023-08-28T11:01:37","modified_gmt":"2023-08-28T10:01:37","slug":"payroll","status":"publish","type":"page","link":"https:\/\/www.rhlab.lu\/de\/payroll\/","title":{"rendered":"Payroll"},"content":{"rendered":"<p style=\"text-align: justify;\">Wir analysieren gemeinsam mit Ihnen Ihre Situation und unterst\u00fctzen jede Aktenwiederherstellung mit einem <span style=\"color: #000000;\">kostenlosen Audit<\/span> der Gehaltsabrechnung, um die Verbesserungsbereiche zu definieren, die f\u00fcr eine optimale Verwaltung und Effizienz der Gehaltsabrechnung erforderlich sind.<\/p>\n<p style=\"text-align: justify;\">Wenn Sie von Ihrem Treuh\u00e4nder nicht den gew\u00fcnschten Service erhalten, laden wir Sie ein, die verschiedenen L\u00f6sungen zu erkunden, die das Sozialsekretariat von RH Lab. im Hinblick auf das <span style=\"color: #000000;\">Outsourcing der Lohnbuchhaltung<\/span> anbietet:<\/p>\n","protected":false},"excerpt":{"rendered":"<p>Wir analysieren gemeinsam mit Ihnen Ihre Situation und unterst\u00fctzen jede Aktenwiederherstellung mit einem kostenlosen Audit der Gehaltsabrechnung, um die Verbesserungsbereiche zu definieren, die f\u00fcr eine optimale Verwaltung und Effizienz der Gehaltsabrechnung erforderlich sind. Wenn Sie von Ihrem Treuh\u00e4nder nicht den gew\u00fcnschten Service erhalten, laden wir Sie ein, die verschiedenen L\u00f6sungen zu erkunden, die das Sozialsekretariat [&hellip;]<\/p>\n","protected":false},"author":1,"featured_media":0,"parent":0,"menu_order":0,"comment_status":"closed","ping_status":"closed","template":"page-templates\/template-payroll.php","meta":{"_acf_changed":false,"inline_featured_image":false,"footnotes":""},"class_list":["post-2625","page","type-page","status-publish","hentry"],"acf":[],"yoast_head":"<!-- This site is optimized with the Yoast SEO plugin v25.5 - https:\/\/yoast.com\/wordpress\/plugins\/seo\/ -->\n<title>Payroll Process Management | RH Lab. | Luxemburg<\/title>\n<meta name=\"description\" content=\"Das Sozialsekretariat von RH Lab. bietet Ihnen verschiedene Outsourcing-L\u00f6sungen f\u00fcr eine optimale Verwaltung und Effizienz.\" \/>\n<meta name=\"robots\" content=\"index, follow, max-snippet:-1, max-image-preview:large, max-video-preview:-1\" \/>\n<link rel=\"canonical\" href=\"https:\/\/www.rhlab.lu\/de\/payroll\/\" \/>\n<meta property=\"og:locale\" content=\"de_DE\" \/>\n<meta property=\"og:type\" content=\"article\" \/>\n<meta property=\"og:title\" content=\"Payroll Process Management | RH Lab. | Luxemburg\" \/>\n<meta property=\"og:description\" content=\"Das Sozialsekretariat von RH Lab. bietet Ihnen verschiedene Outsourcing-L\u00f6sungen f\u00fcr eine optimale Verwaltung und Effizienz.\" \/>\n<meta property=\"og:url\" content=\"https:\/\/www.rhlab.lu\/de\/payroll\/\" \/>\n<meta property=\"og:site_name\" content=\"RH LAB\" \/>\n<meta property=\"article:publisher\" content=\"https:\/\/www.facebook.com\/RHLab.Rodange\/\" \/>\n<meta property=\"article:modified_time\" content=\"2023-08-28T10:01:37+00:00\" \/>\n<meta name=\"twitter:card\" content=\"summary_large_image\" \/>\n<meta name=\"twitter:label1\" content=\"Gesch\u00e4tzte Lesezeit\" \/>\n\t<meta name=\"twitter:data1\" content=\"1\u00a0Minute\" \/>\n<script type=\"application\/ld+json\" class=\"yoast-schema-graph\">{\"@context\":\"https:\/\/schema.org\",\"@graph\":[{\"@type\":\"WebPage\",\"@id\":\"https:\/\/www.rhlab.lu\/de\/payroll\/\",\"url\":\"https:\/\/www.rhlab.lu\/de\/payroll\/\",\"name\":\"Payroll Process Management | RH Lab. | Luxemburg\",\"isPartOf\":{\"@id\":\"https:\/\/www.rhlab.lu\/de\/#website\"},\"datePublished\":\"2021-10-16T01:40:39+00:00\",\"dateModified\":\"2023-08-28T10:01:37+00:00\",\"description\":\"Das Sozialsekretariat von RH Lab. bietet Ihnen verschiedene Outsourcing-L\u00f6sungen f\u00fcr eine optimale Verwaltung und Effizienz.\",\"breadcrumb\":{\"@id\":\"https:\/\/www.rhlab.lu\/de\/payroll\/#breadcrumb\"},\"inLanguage\":\"de\",\"potentialAction\":[{\"@type\":\"ReadAction\",\"target\":[\"https:\/\/www.rhlab.lu\/de\/payroll\/\"]}]},{\"@type\":\"BreadcrumbList\",\"@id\":\"https:\/\/www.rhlab.lu\/de\/payroll\/#breadcrumb\",\"itemListElement\":[{\"@type\":\"ListItem\",\"position\":1,\"name\":\"Home\",\"item\":\"https:\/\/www.rhlab.lu\/de\/\"},{\"@type\":\"ListItem\",\"position\":2,\"name\":\"Payroll\"}]},{\"@type\":\"WebSite\",\"@id\":\"https:\/\/www.rhlab.lu\/de\/#website\",\"url\":\"https:\/\/www.rhlab.lu\/de\/\",\"name\":\"RH LAB\",\"description\":\"My WordPress Blog\",\"publisher\":{\"@id\":\"https:\/\/www.rhlab.lu\/de\/#organization\"},\"potentialAction\":[{\"@type\":\"SearchAction\",\"target\":{\"@type\":\"EntryPoint\",\"urlTemplate\":\"https:\/\/www.rhlab.lu\/de\/?s={search_term_string}\"},\"query-input\":{\"@type\":\"PropertyValueSpecification\",\"valueRequired\":true,\"valueName\":\"search_term_string\"}}],\"inLanguage\":\"de\"},{\"@type\":\"Organization\",\"@id\":\"https:\/\/www.rhlab.lu\/de\/#organization\",\"name\":\"RH LAB\",\"url\":\"https:\/\/www.rhlab.lu\/de\/\",\"logo\":{\"@type\":\"ImageObject\",\"inLanguage\":\"de\",\"@id\":\"https:\/\/www.rhlab.lu\/de\/#\/schema\/logo\/image\/\",\"url\":\"https:\/\/www.rhlab.lu\/wp-content\/uploads\/2021\/11\/rhlab-logo-03.svg\",\"contentUrl\":\"https:\/\/www.rhlab.lu\/wp-content\/uploads\/2021\/11\/rhlab-logo-03.svg\",\"width\":160,\"height\":61,\"caption\":\"RH LAB\"},\"image\":{\"@id\":\"https:\/\/www.rhlab.lu\/de\/#\/schema\/logo\/image\/\"},\"sameAs\":[\"https:\/\/www.facebook.com\/RHLab.Rodange\/\",\"https:\/\/www.linkedin.com\/company\/rh-lab\/\",\"https:\/\/www.youtube.com\/channel\/UC7Q1W9SZgi-Wv0P80KLZWvQ\"]}]}<\/script>\n<!-- \/ Yoast SEO plugin. -->","yoast_head_json":{"title":"Payroll Process Management | RH Lab. | Luxemburg","description":"Das Sozialsekretariat von RH Lab. bietet Ihnen verschiedene Outsourcing-L\u00f6sungen f\u00fcr eine optimale Verwaltung und Effizienz.","robots":{"index":"index","follow":"follow","max-snippet":"max-snippet:-1","max-image-preview":"max-image-preview:large","max-video-preview":"max-video-preview:-1"},"canonical":"https:\/\/www.rhlab.lu\/de\/payroll\/","og_locale":"de_DE","og_type":"article","og_title":"Payroll Process Management | RH Lab. | Luxemburg","og_description":"Das Sozialsekretariat von RH Lab. bietet Ihnen verschiedene Outsourcing-L\u00f6sungen f\u00fcr eine optimale Verwaltung und Effizienz.","og_url":"https:\/\/www.rhlab.lu\/de\/payroll\/","og_site_name":"RH LAB","article_publisher":"https:\/\/www.facebook.com\/RHLab.Rodange\/","article_modified_time":"2023-08-28T10:01:37+00:00","twitter_card":"summary_large_image","twitter_misc":{"Gesch\u00e4tzte Lesezeit":"1\u00a0Minute"},"schema":{"@context":"https:\/\/schema.org","@graph":[{"@type":"WebPage","@id":"https:\/\/www.rhlab.lu\/de\/payroll\/","url":"https:\/\/www.rhlab.lu\/de\/payroll\/","name":"Payroll Process Management | RH Lab. | Luxemburg","isPartOf":{"@id":"https:\/\/www.rhlab.lu\/de\/#website"},"datePublished":"2021-10-16T01:40:39+00:00","dateModified":"2023-08-28T10:01:37+00:00","description":"Das Sozialsekretariat von RH Lab. bietet Ihnen verschiedene Outsourcing-L\u00f6sungen f\u00fcr eine optimale Verwaltung und Effizienz.","breadcrumb":{"@id":"https:\/\/www.rhlab.lu\/de\/payroll\/#breadcrumb"},"inLanguage":"de","potentialAction":[{"@type":"ReadAction","target":["https:\/\/www.rhlab.lu\/de\/payroll\/"]}]},{"@type":"BreadcrumbList","@id":"https:\/\/www.rhlab.lu\/de\/payroll\/#breadcrumb","itemListElement":[{"@type":"ListItem","position":1,"name":"Home","item":"https:\/\/www.rhlab.lu\/de\/"},{"@type":"ListItem","position":2,"name":"Payroll"}]},{"@type":"WebSite","@id":"https:\/\/www.rhlab.lu\/de\/#website","url":"https:\/\/www.rhlab.lu\/de\/","name":"RH LAB","description":"My WordPress Blog","publisher":{"@id":"https:\/\/www.rhlab.lu\/de\/#organization"},"potentialAction":[{"@type":"SearchAction","target":{"@type":"EntryPoint","urlTemplate":"https:\/\/www.rhlab.lu\/de\/?s={search_term_string}"},"query-input":{"@type":"PropertyValueSpecification","valueRequired":true,"valueName":"search_term_string"}}],"inLanguage":"de"},{"@type":"Organization","@id":"https:\/\/www.rhlab.lu\/de\/#organization","name":"RH LAB","url":"https:\/\/www.rhlab.lu\/de\/","logo":{"@type":"ImageObject","inLanguage":"de","@id":"https:\/\/www.rhlab.lu\/de\/#\/schema\/logo\/image\/","url":"https:\/\/www.rhlab.lu\/wp-content\/uploads\/2021\/11\/rhlab-logo-03.svg","contentUrl":"https:\/\/www.rhlab.lu\/wp-content\/uploads\/2021\/11\/rhlab-logo-03.svg","width":160,"height":61,"caption":"RH LAB"},"image":{"@id":"https:\/\/www.rhlab.lu\/de\/#\/schema\/logo\/image\/"},"sameAs":["https:\/\/www.facebook.com\/RHLab.Rodange\/","https:\/\/www.linkedin.com\/company\/rh-lab\/","https:\/\/www.youtube.com\/channel\/UC7Q1W9SZgi-Wv0P80KLZWvQ"]}]}},"_links":{"self":[{"href":"https:\/\/www.rhlab.lu\/de\/wp-json\/wp\/v2\/pages\/2625","targetHints":{"allow":["GET"]}}],"collection":[{"href":"https:\/\/www.rhlab.lu\/de\/wp-json\/wp\/v2\/pages"}],"about":[{"href":"https:\/\/www.rhlab.lu\/de\/wp-json\/wp\/v2\/types\/page"}],"author":[{"embeddable":true,"href":"https:\/\/www.rhlab.lu\/de\/wp-json\/wp\/v2\/users\/1"}],"replies":[{"embeddable":true,"href":"https:\/\/www.rhlab.lu\/de\/wp-json\/wp\/v2\/comments?post=2625"}],"version-history":[{"count":7,"href":"https:\/\/www.rhlab.lu\/de\/wp-json\/wp\/v2\/pages\/2625\/revisions"}],"predecessor-version":[{"id":7807,"href":"https:\/\/www.rhlab.lu\/de\/wp-json\/wp\/v2\/pages\/2625\/revisions\/7807"}],"wp:attachment":[{"href":"https:\/\/www.rhlab.lu\/de\/wp-json\/wp\/v2\/media?parent=2625"}],"curies":[{"name":"wp","href":"https:\/\/api.w.org\/{rel}","templated":true}]}}